{"id":11266,"date":"2021-03-23T12:57:54","date_gmt":"2021-03-23T11:57:54","guid":{"rendered":"https:\/\/puja-yoga.com\/?page_id=11266"},"modified":"2023-04-03T21:18:13","modified_gmt":"2023-04-03T19:18:13","slug":"newsletter-subscription-form","status":"publish","type":"page","link":"https:\/\/puja-yoga.com\/en\/newsletter-subscription-form\/","title":{"rendered":"NEWSLETTER SUBSCRIPTION FORM"},"content":{"rendered":"<div id='av_section_1'  class='avia-section main_color avia-section-large avia-no-border-styling  avia-bg-style-scroll  avia-builder-el-0  avia-builder-el-no-sibling   container_wrap sidebar_right' style=' '  ><div class='container' ><main  role=\"main\" itemprop=\"mainContentOfPage\"  class='template-page content  av-content-small alpha units'><div class='post-entry post-entry-type-page post-entry-11266'><div class='entry-content-wrapper clearfix'>\n<div  style='padding-bottom:20px; font-size:40px;' class='av-special-heading av-special-heading-h2  blockquote modern-quote  avia-builder-el-1  el_before_av_hr  avia-builder-el-first  av-inherit-size '><h2 class='av-special-heading-tag '  itemprop=\"headline\"  >Newsletter Subscription Form<\/h2><div class='special-heading-border'><div class='special-heading-inner-border' ><\/div><\/div><\/div>\n<div  style=' margin-top:10px; margin-bottom:10px;'  class='hr hr-custom hr-left hr-icon-no   avia-builder-el-2  el_after_av_heading  el_before_av_one_full '><span class='hr-inner  inner-border-av-border-fat' style=' width:50px; border-color:#000000;' ><span class='hr-inner-style'><\/span><\/span><\/div>\n<div class=\"flex_column av_one_full  flex_column_div av-zero-column-padding first  avia-builder-el-3  el_after_av_hr  avia-builder-el-last  \" style='border-radius:0px; '><p><form action=\"https:\/\/puja-yoga.com\/en\/newsletter-subscription-form\/\" method=\"post\"  data-av-custom-send='mailchimp_send' class=\"avia_ajax_form av-form-labels-hidden   avia-builder-el-4  el_before_av_textblock  avia-builder-el-first   avia-mailchimp-form \" data-avia-form-id=\"1\" data-avia-redirect='' ><fieldset><p class='  first_form  form_element form_element_third' id='element_avia_1_1'><label for=\"avia_1_1\">First Name <abbr class=\"required\" title=\"required\">*<\/abbr><\/label> <input name=\"avia_1_1\" class=\"text_input is_empty\" type=\"text\" id=\"avia_1_1\" value=\"\"  placeholder='First Name*'\/><\/p><p class='  form_element form_element_third' id='element_avia_2_1'><label for=\"avia_2_1\">Last Name <abbr class=\"required\" title=\"required\">*<\/abbr><\/label> <input name=\"avia_2_1\" class=\"text_input is_empty\" type=\"text\" id=\"avia_2_1\" value=\"\"  placeholder='Last Name*'\/><\/p><p class='  form_element form_element_third' id='element_avia_6_1'><label for=\"avia_6_1\">Country <abbr class=\"required\" title=\"required\">*<\/abbr><\/label> <input name=\"avia_6_1\" class=\"text_input is_empty\" type=\"text\" id=\"avia_6_1\" value=\"\"  placeholder='Country*'\/><\/p><p class='  first_form  form_element form_fullwidth' id='element_avia_0_1'><label for=\"avia_0_1\">Email Address <abbr class=\"required\" title=\"required\">*<\/abbr><\/label> <input name=\"avia_0_1\" class=\"text_input is_email\" type=\"text\" id=\"avia_0_1\" value=\"\"  placeholder='Email Address*'\/><\/p><p class='av_form_privacy_check av_mailchimp_privacy_check first_form  form_element form_fullwidth' id='element_avia_av_privacy_agreement_1'>    <input  name=\"avia_av_privacy_agreement_1\" class=\"input_checkbox is_empty\" type=\"checkbox\" id=\"avia_av_privacy_agreement_1\" value=\"true\"\/><label class=\"input_checkbox_label\" for=\"avia_av_privacy_agreement_1\">I am over 14 and I have read and accept the terms and conditions established in the <a href='https:\/\/puja-yoga.com\/politica-de-privacidad\/' target='_blank' rel=\"noopener\">Privacy Policy<\/a> <abbr class=\"required\" title=\"required\">*<\/abbr><\/label><\/p><p class=\"form_element  first_form  form_element form_element_fourth av-last-visible-form-element modified_width\"><input type=\"hidden\" value=\"1\" name=\"avia_generated_form1\" \/><input type=\"submit\" value=\"SUBSCRIBE\" class=\"button\"  data-sending-label=\"Sending\"\/><\/p><p class=\"hidden\"><input type=\"text\" name=\"avia_avia_username_1\" class=\"hidden \" id=\"avia_avia_username_1\" value=\"\" \/><\/p><\/fieldset><\/form><div id=\"ajaxresponse_1\" class=\"ajaxresponse ajaxresponse_1 hidden\"><\/div><br \/>\n<section class=\"av_textblock_section \"  itemscope=\"itemscope\" itemtype=\"https:\/\/schema.org\/CreativeWork\" ><div class='avia_textblock  av_inherit_color '  style='color:#cecece; '  itemprop=\"text\" ><p style=\"text-align: center;\">Once the subscription to the newsletter is requested, you will receive an email to confirm the subscription. If you have not received it, please check the spam folder (if you do not validate the email, the subscription will not be completed).<\/p>\n<p style=\"text-align: center;\"><span data-sheets-value=\"{\" data-sheets-userformat=\"{\">I value your privacy. I never send spam or share your information to third parties.<\/span><\/p>\n<\/div><\/section><\/p><\/div><\/div><\/div><\/main><!-- close content main element --><\/div><\/div><div id='after_section_1'  class='main_color av_default_container_wrap container_wrap sidebar_right' style=' '  ><div class='container' ><div class='template-page content  av-content-small alpha units'><div class='post-entry post-entry-type-page post-entry-11266'><div class='entry-content-wrapper clearfix'>\n","protected":false},"excerpt":{"rendered":"","protected":false},"author":23702172,"featured_media":0,"parent":0,"menu_order":0,"comment_status":"closed","ping_status":"closed","template":"","meta":{"footnotes":""},"class_list":["post-11266","page","type-page","status-publish","hentry"],"yoast_head":"<!-- This site is optimized with the Yoast SEO plugin v27.5 - https:\/\/yoast.com\/product\/yoast-seo-wordpress\/ -->\n<title>Puja Yoga. Formaci\u00f3n de Yoga Restaurativo para profesores de yoga y otros profesionales<\/title>\n<meta name=\"description\" content=\"La formaci\u00f3n en el M\u00e9todo Puja te sumerge en una variante del yoga que trabaja a nivel tanto f\u00edsico, como mental, emocional y energ\u00e9tico, y que a trav\u00e9s de estas formaciones te har\u00e1n vivir una experiencia realmente transformadora y beneficiosa para tu futuro profesional y personal\" \/>\n<meta name=\"robots\" content=\"index, follow, max-snippet:-1, max-image-preview:large, max-video-preview:-1\" \/>\n<link rel=\"canonical\" href=\"https:\/\/puja-yoga.com\/en\/newsletter-subscription-form\/\" \/>\n<meta property=\"og:locale\" content=\"en_US\" \/>\n<meta property=\"og:type\" content=\"article\" \/>\n<meta property=\"og:title\" content=\"Puja Yoga. Formaci\u00f3n de Yoga Restaurativo para profesores de yoga y otros profesionales\" \/>\n<meta property=\"og:description\" content=\"La formaci\u00f3n en el M\u00e9todo Puja te sumerge en una variante del yoga que trabaja a nivel tanto f\u00edsico, como mental, emocional y energ\u00e9tico, y que a trav\u00e9s de estas formaciones te har\u00e1n vivir una experiencia realmente transformadora y beneficiosa para tu futuro profesional y personal\" \/>\n<meta property=\"og:url\" content=\"https:\/\/puja-yoga.com\/en\/newsletter-subscription-form\/\" \/>\n<meta property=\"og:site_name\" content=\"Puja Yoga\" \/>\n<meta property=\"article:publisher\" content=\"https:\/\/www.facebook.com\/pujasueyoga\" \/>\n<meta property=\"article:modified_time\" content=\"2023-04-03T19:18:13+00:00\" \/>\n<meta name=\"twitter:card\" content=\"summary_large_image\" \/>\n<meta name=\"twitter:site\" content=\"@Puja_Sue_Flamm\" \/>\n<meta name=\"twitter:label1\" content=\"Est. reading time\" \/>\n\t<meta name=\"twitter:data1\" content=\"2 minutes\" \/>\n<script type=\"application\/ld+json\" class=\"yoast-schema-graph\">{\"@context\":\"https:\\\/\\\/schema.org\",\"@graph\":[{\"@type\":\"WebPage\",\"@id\":\"https:\\\/\\\/puja-yoga.com\\\/en\\\/newsletter-subscription-form\\\/\",\"url\":\"https:\\\/\\\/puja-yoga.com\\\/en\\\/newsletter-subscription-form\\\/\",\"name\":\"Puja Yoga. Formaci\u00f3n de Yoga Restaurativo para profesores de yoga y otros profesionales\",\"isPartOf\":{\"@id\":\"https:\\\/\\\/puja-yoga.com\\\/en\\\/home\\\/#website\"},\"datePublished\":\"2021-03-23T11:57:54+00:00\",\"dateModified\":\"2023-04-03T19:18:13+00:00\",\"description\":\"La formaci\u00f3n en el M\u00e9todo Puja te sumerge en una variante del yoga que trabaja a nivel tanto f\u00edsico, como mental, emocional y energ\u00e9tico, y que a trav\u00e9s de estas formaciones te har\u00e1n vivir una experiencia realmente transformadora y beneficiosa para tu futuro profesional y personal\",\"breadcrumb\":{\"@id\":\"https:\\\/\\\/puja-yoga.com\\\/en\\\/newsletter-subscription-form\\\/#breadcrumb\"},\"inLanguage\":\"en-US\",\"potentialAction\":[{\"@type\":\"ReadAction\",\"target\":[\"https:\\\/\\\/puja-yoga.com\\\/en\\\/newsletter-subscription-form\\\/\"]}]},{\"@type\":\"BreadcrumbList\",\"@id\":\"https:\\\/\\\/puja-yoga.com\\\/en\\\/newsletter-subscription-form\\\/#breadcrumb\",\"itemListElement\":[{\"@type\":\"ListItem\",\"position\":1,\"name\":\"Home\",\"item\":\"https:\\\/\\\/puja-yoga.com\\\/en\\\/home\\\/\"},{\"@type\":\"ListItem\",\"position\":2,\"name\":\"NEWSLETTER SUBSCRIPTION FORM\"}]},{\"@type\":\"WebSite\",\"@id\":\"https:\\\/\\\/puja-yoga.com\\\/en\\\/home\\\/#website\",\"url\":\"https:\\\/\\\/puja-yoga.com\\\/en\\\/home\\\/\",\"name\":\"Puja Yoga\",\"description\":\"Formaci\u00f3n de yoga restaurativo para profesores\",\"publisher\":{\"@id\":\"https:\\\/\\\/puja-yoga.com\\\/en\\\/home\\\/#\\\/schema\\\/person\\\/03929c2397d58a75c4dd28d82844b5b7\"},\"potentialAction\":[{\"@type\":\"SearchAction\",\"target\":{\"@type\":\"EntryPoint\",\"urlTemplate\":\"https:\\\/\\\/puja-yoga.com\\\/en\\\/home\\\/?s={search_term_string}\"},\"query-input\":{\"@type\":\"PropertyValueSpecification\",\"valueRequired\":true,\"valueName\":\"search_term_string\"}}],\"inLanguage\":\"en-US\"},{\"@type\":[\"Person\",\"Organization\"],\"@id\":\"https:\\\/\\\/puja-yoga.com\\\/en\\\/home\\\/#\\\/schema\\\/person\\\/03929c2397d58a75c4dd28d82844b5b7\",\"name\":\"Puja Yoga\",\"image\":{\"@type\":\"ImageObject\",\"inLanguage\":\"en-US\",\"@id\":\"https:\\\/\\\/i0.wp.com\\\/puja-yoga.com\\\/wp-content\\\/uploads\\\/logo-puja-yoga-morado-png.png?fit=295%2C243&ssl=1\",\"url\":\"https:\\\/\\\/i0.wp.com\\\/puja-yoga.com\\\/wp-content\\\/uploads\\\/logo-puja-yoga-morado-png.png?fit=295%2C243&ssl=1\",\"contentUrl\":\"https:\\\/\\\/i0.wp.com\\\/puja-yoga.com\\\/wp-content\\\/uploads\\\/logo-puja-yoga-morado-png.png?fit=295%2C243&ssl=1\",\"width\":295,\"height\":243,\"caption\":\"Puja Yoga\"},\"logo\":{\"@id\":\"https:\\\/\\\/i0.wp.com\\\/puja-yoga.com\\\/wp-content\\\/uploads\\\/logo-puja-yoga-morado-png.png?fit=295%2C243&ssl=1\"},\"sameAs\":[\"https:\\\/\\\/www.facebook.com\\\/pujasueyoga\",\"https:\\\/\\\/www.instagram.com\\\/pujasue\\\/\",\"https:\\\/\\\/www.linkedin.com\\\/in\\\/sue-flamm-puja-06624723\\\/\"]}]}<\/script>\n<!-- \/ Yoast SEO plugin. -->","yoast_head_json":{"title":"Puja Yoga. Formaci\u00f3n de Yoga Restaurativo para profesores de yoga y otros profesionales","description":"La formaci\u00f3n en el M\u00e9todo Puja te sumerge en una variante del yoga que trabaja a nivel tanto f\u00edsico, como mental, emocional y energ\u00e9tico, y que a trav\u00e9s de estas formaciones te har\u00e1n vivir una experiencia realmente transformadora y beneficiosa para tu futuro profesional y personal","robots":{"index":"index","follow":"follow","max-snippet":"max-snippet:-1","max-image-preview":"max-image-preview:large","max-video-preview":"max-video-preview:-1"},"canonical":"https:\/\/puja-yoga.com\/en\/newsletter-subscription-form\/","og_locale":"en_US","og_type":"article","og_title":"Puja Yoga. Formaci\u00f3n de Yoga Restaurativo para profesores de yoga y otros profesionales","og_description":"La formaci\u00f3n en el M\u00e9todo Puja te sumerge en una variante del yoga que trabaja a nivel tanto f\u00edsico, como mental, emocional y energ\u00e9tico, y que a trav\u00e9s de estas formaciones te har\u00e1n vivir una experiencia realmente transformadora y beneficiosa para tu futuro profesional y personal","og_url":"https:\/\/puja-yoga.com\/en\/newsletter-subscription-form\/","og_site_name":"Puja Yoga","article_publisher":"https:\/\/www.facebook.com\/pujasueyoga","article_modified_time":"2023-04-03T19:18:13+00:00","twitter_card":"summary_large_image","twitter_site":"@Puja_Sue_Flamm","twitter_misc":{"Est. reading time":"2 minutes"},"schema":{"@context":"https:\/\/schema.org","@graph":[{"@type":"WebPage","@id":"https:\/\/puja-yoga.com\/en\/newsletter-subscription-form\/","url":"https:\/\/puja-yoga.com\/en\/newsletter-subscription-form\/","name":"Puja Yoga. Formaci\u00f3n de Yoga Restaurativo para profesores de yoga y otros profesionales","isPartOf":{"@id":"https:\/\/puja-yoga.com\/en\/home\/#website"},"datePublished":"2021-03-23T11:57:54+00:00","dateModified":"2023-04-03T19:18:13+00:00","description":"La formaci\u00f3n en el M\u00e9todo Puja te sumerge en una variante del yoga que trabaja a nivel tanto f\u00edsico, como mental, emocional y energ\u00e9tico, y que a trav\u00e9s de estas formaciones te har\u00e1n vivir una experiencia realmente transformadora y beneficiosa para tu futuro profesional y personal","breadcrumb":{"@id":"https:\/\/puja-yoga.com\/en\/newsletter-subscription-form\/#breadcrumb"},"inLanguage":"en-US","potentialAction":[{"@type":"ReadAction","target":["https:\/\/puja-yoga.com\/en\/newsletter-subscription-form\/"]}]},{"@type":"BreadcrumbList","@id":"https:\/\/puja-yoga.com\/en\/newsletter-subscription-form\/#breadcrumb","itemListElement":[{"@type":"ListItem","position":1,"name":"Home","item":"https:\/\/puja-yoga.com\/en\/home\/"},{"@type":"ListItem","position":2,"name":"NEWSLETTER SUBSCRIPTION FORM"}]},{"@type":"WebSite","@id":"https:\/\/puja-yoga.com\/en\/home\/#website","url":"https:\/\/puja-yoga.com\/en\/home\/","name":"Puja Yoga","description":"Formaci\u00f3n de yoga restaurativo para profesores","publisher":{"@id":"https:\/\/puja-yoga.com\/en\/home\/#\/schema\/person\/03929c2397d58a75c4dd28d82844b5b7"},"potentialAction":[{"@type":"SearchAction","target":{"@type":"EntryPoint","urlTemplate":"https:\/\/puja-yoga.com\/en\/home\/?s={search_term_string}"},"query-input":{"@type":"PropertyValueSpecification","valueRequired":true,"valueName":"search_term_string"}}],"inLanguage":"en-US"},{"@type":["Person","Organization"],"@id":"https:\/\/puja-yoga.com\/en\/home\/#\/schema\/person\/03929c2397d58a75c4dd28d82844b5b7","name":"Puja Yoga","image":{"@type":"ImageObject","inLanguage":"en-US","@id":"https:\/\/i0.wp.com\/puja-yoga.com\/wp-content\/uploads\/logo-puja-yoga-morado-png.png?fit=295%2C243&ssl=1","url":"https:\/\/i0.wp.com\/puja-yoga.com\/wp-content\/uploads\/logo-puja-yoga-morado-png.png?fit=295%2C243&ssl=1","contentUrl":"https:\/\/i0.wp.com\/puja-yoga.com\/wp-content\/uploads\/logo-puja-yoga-morado-png.png?fit=295%2C243&ssl=1","width":295,"height":243,"caption":"Puja Yoga"},"logo":{"@id":"https:\/\/i0.wp.com\/puja-yoga.com\/wp-content\/uploads\/logo-puja-yoga-morado-png.png?fit=295%2C243&ssl=1"},"sameAs":["https:\/\/www.facebook.com\/pujasueyoga","https:\/\/www.instagram.com\/pujasue\/","https:\/\/www.linkedin.com\/in\/sue-flamm-puja-06624723\/"]}]}},"jetpack_likes_enabled":true,"jetpack_sharing_enabled":true,"jetpack_shortlink":"https:\/\/wp.me\/Pcz7Yv-2VI","jetpack-related-posts":[],"_links":{"self":[{"href":"https:\/\/puja-yoga.com\/en\/wp-json\/wp\/v2\/pages\/11266","targetHints":{"allow":["GET"]}}],"collection":[{"href":"https:\/\/puja-yoga.com\/en\/wp-json\/wp\/v2\/pages"}],"about":[{"href":"https:\/\/puja-yoga.com\/en\/wp-json\/wp\/v2\/types\/page"}],"author":[{"embeddable":true,"href":"https:\/\/puja-yoga.com\/en\/wp-json\/wp\/v2\/users\/23702172"}],"replies":[{"embeddable":true,"href":"https:\/\/puja-yoga.com\/en\/wp-json\/wp\/v2\/comments?post=11266"}],"version-history":[{"count":11,"href":"https:\/\/puja-yoga.com\/en\/wp-json\/wp\/v2\/pages\/11266\/revisions"}],"predecessor-version":[{"id":14986,"href":"https:\/\/puja-yoga.com\/en\/wp-json\/wp\/v2\/pages\/11266\/revisions\/14986"}],"wp:attachment":[{"href":"https:\/\/puja-yoga.com\/en\/wp-json\/wp\/v2\/media?parent=11266"}],"curies":[{"name":"wp","href":"https:\/\/api.w.org\/{rel}","templated":true}]}}