{"id":12989,"date":"2022-01-01T14:08:55","date_gmt":"2022-01-01T13:08:55","guid":{"rendered":"https:\/\/puja-yoga.com\/?page_id=12989"},"modified":"2023-10-17T22:40:32","modified_gmt":"2023-10-17T20:40:32","slug":"subscription-form-courses-and-trainings","status":"publish","type":"page","link":"https:\/\/puja-yoga.com\/en\/subscription-form-courses-and-trainings\/","title":{"rendered":"SUBSCRIPTION FORM COURSES AND TRAININGS"},"content":{"rendered":"<div class=\"flex_column av_one_full  flex_column_div av-zero-column-padding first  avia-builder-el-0  avia-builder-el-no-sibling  \" style='border-radius:0px; '><p><div  style='padding-bottom:10px; ' class='av-special-heading av-special-heading-h1  blockquote modern-quote  avia-builder-el-1  el_before_av_hr  avia-builder-el-first  '><h1 class='av-special-heading-tag '  itemprop=\"headline\"  >Courses and Trainings Subscription Request<\/h1><div class='special-heading-border'><div class='special-heading-inner-border' ><\/div><\/div><\/div><br \/>\n<div  style='height:50px' class='hr hr-invisible   avia-builder-el-2  el_after_av_heading  el_before_av_textblock '><span class='hr-inner ' ><span class='hr-inner-style'><\/span><\/span><\/div><br \/>\n<section class=\"av_textblock_section \"  itemscope=\"itemscope\" itemtype=\"https:\/\/schema.org\/CreativeWork\" ><div class='avia_textblock  '   itemprop=\"text\" ><p>Thank you very much for being interested and wanting to take the course !!<\/p>\n<p>Please fill out the following form and make the payment in the button below. There is a sliding scale so you can choose which price you are able to pay.<\/p>\n<p>I will contact you shortly.<\/p>\n<p><strong>It is sure to be a wonderful experience. See you soon.<\/strong><\/p>\n<\/div><\/section><br \/>\n<div  style='height:30px' class='hr hr-invisible   avia-builder-el-4  el_after_av_textblock  el_before_av_contact '><span class='hr-inner ' ><span class='hr-inner-style'><\/span><\/span><\/div><br \/>\n<form action=\"https:\/\/puja-yoga.com\/en\/subscription-form-courses-and-trainings\/\" method=\"post\"  class=\"avia_ajax_form av-form-labels-visible   avia-builder-el-5  el_after_av_hr  el_before_av_hr   \" data-avia-form-id=\"1\" data-avia-redirect='' ><fieldset><p class=' first_form  form_element form_fullwidth' id='element_avia_1_1'>    <input checked=\"checked\" name=\"avia_1_1\" class=\"input_checkbox \" type=\"checkbox\" id=\"avia_1_1\" value=\"true\"\/><label class=\"input_checkbox_label\" for=\"avia_1_1\">TRAINING INFORMATION REQUEST FORM<\/label><\/p><p class='  first_form  form_element form_fullwidth' id='element_avia_2_1'><label for=\"avia_2_1\">Course you want to attend and dates <abbr class=\"required\" title=\"required\">*<\/abbr><\/label> <input name=\"avia_2_1\" class=\"text_input is_empty\" type=\"text\" id=\"avia_2_1\" value=\"\" \/><\/p><p class='  first_form  form_element form_element_third' id='element_avia_3_1'><label for=\"avia_3_1\">Name <abbr class=\"required\" title=\"required\">*<\/abbr><\/label> <input name=\"avia_3_1\" class=\"text_input is_empty\" type=\"text\" id=\"avia_3_1\" value=\"\" \/><\/p><p class='  form_element form_element_two_third' id='element_avia_4_1'><label for=\"avia_4_1\">Surname <abbr class=\"required\" title=\"required\">*<\/abbr><\/label> <input name=\"avia_4_1\" class=\"text_input is_empty\" type=\"text\" id=\"avia_4_1\" value=\"\" \/><\/p><p class='  first_form  form_element form_element_two_third' id='element_avia_5_1'><label for=\"avia_5_1\">Email Address <abbr class=\"required\" title=\"required\">*<\/abbr><\/label> <input name=\"avia_5_1\" class=\"text_input is_email\" type=\"text\" id=\"avia_5_1\" value=\"\" \/><\/p><p class='  form_element form_element_third' id='element_avia_6_1'><label for=\"avia_6_1\">Telephone <abbr class=\"required\" title=\"required\">*<\/abbr><\/label> <input name=\"avia_6_1\" class=\"text_input is_empty\" type=\"text\" id=\"avia_6_1\" value=\"\" \/><\/p><p class='  first_form  form_element form_fullwidth' id='element_avia_7_1'><label for=\"avia_7_1\">City and country <abbr class=\"required\" title=\"required\">*<\/abbr><\/label> <input name=\"avia_7_1\" class=\"text_input is_empty\" type=\"text\" id=\"avia_7_1\" value=\"\" \/><\/p><p class='  first_form  form_element form_element_half' id='element_avia_8_1'><label for=\"avia_8_1\">Language <abbr class=\"required\" title=\"required\">*<\/abbr><\/label> <input name=\"avia_8_1\" class=\"text_input is_empty\" type=\"text\" id=\"avia_8_1\" value=\"\" \/><\/p><p class=' form_element form_element_half' id='element_avia_9_1'><label for=\"avia_9_1\">How did you find out about this course? <abbr class=\"required\" title=\"required\">*<\/abbr><\/label> <select  name=\"avia_9_1\" class=\"select is_empty\" id=\"avia_9_1\"><option  value ='Choose an option'>Choose an option<\/option><option  value ='My site'>My site<\/option><option  value ='Google'>Google<\/option><option  value ='A friend'>A friend<\/option><option  value ='Others'>Others<\/option><\/select><\/p><p class=\"hidden\"><input type=\"text\" name=\"avia_10_1\" class=\"hidden \" id=\"avia_10_1\" value=\"\" \/><\/p><div id='avia_11_1' class='av-recaptcha-area  first_form  form_element form_fullwidth av-last-visible-form-element '  data-container_class=\"\" data-custom_class=\"\" data-context=\"av_contact_form\" data-token_input=\"av_recaptcha_token\" data-version=\"avia_recaptcha_v2\" data-theme=\"light\" data-size=\"normal\" data-score=\"0.5\" data-text_to_preview=\"\" data-value=\"\"><div class=\"av-google-badge-message hidden\">This site is protected by reCAPTCHA and the Google <a href=\"https:\/\/policies.google.com\/privacy\">Privacy Policy<\/a> and <a href=\"https:\/\/policies.google.com\/terms\">Terms of Service<\/a> apply.<\/div><\/div><p class='av_form_privacy_check av_contact_privacy_check first_form  form_element form_fullwidth' id='element_avia_12_1'>    <input  name=\"avia_12_1\" class=\"input_checkbox is_empty\" type=\"checkbox\" id=\"avia_12_1\" value=\"true\"\/><label class=\"input_checkbox_label\" for=\"avia_12_1\">I am over 14 and I have read and accept the terms and conditions established in the <a href='https:\/\/puja-yoga.com\/politica-de-privacidad\/' target='_blank' rel=\"noopener\">Privacy Policy<\/a> <abbr class=\"required\" title=\"required\">*<\/abbr><\/label><\/p><p class=\"form_element \"><input type=\"hidden\" value=\"1\" name=\"avia_generated_form1\" \/><input type=\"submit\" value=\"SEND\" class=\"button\"  data-sending-label=\"Sending\"\/><\/p><\/fieldset><div class=\"avia-disabled-form\">This contact form is deactivated because you refused to accept Google reCaptcha service which is necessary to validate any messages sent by the form.<\/div><\/form><div id=\"ajaxresponse_1\" class=\"ajaxresponse ajaxresponse_1 hidden\"><\/div><br \/>\n<div  style='height:30px' class='hr hr-invisible   avia-builder-el-6  el_after_av_contact  avia-builder-el-last '><span class='hr-inner ' ><span class='hr-inner-style'><\/span><\/span><\/div><\/p><\/div>\n","protected":false},"excerpt":{"rendered":"","protected":false},"author":23702172,"featured_media":0,"parent":0,"menu_order":0,"comment_status":"closed","ping_status":"closed","template":"","meta":{"jetpack_post_was_ever_published":false,"footnotes":""},"class_list":["post-12989","page","type-page","status-publish","hentry"],"yoast_head":"<!-- This site is optimized with the Yoast SEO plugin v27.3 - https:\/\/yoast.com\/product\/yoast-seo-wordpress\/ -->\n<title>Puja Yoga. Formaci\u00f3n de Yoga Restaurativo para profesores de yoga y otros profesionales<\/title>\n<meta name=\"description\" content=\"La formaci\u00f3n en el M\u00e9todo Puja te sumerge en una variante del yoga que trabaja a nivel tanto f\u00edsico, como mental, emocional y energ\u00e9tico, y que a trav\u00e9s de estas formaciones te har\u00e1n vivir una experiencia realmente transformadora y beneficiosa para tu futuro profesional y personal\" \/>\n<meta name=\"robots\" content=\"index, follow, max-snippet:-1, max-image-preview:large, max-video-preview:-1\" \/>\n<link rel=\"canonical\" href=\"https:\/\/puja-yoga.com\/en\/subscription-form-courses-and-trainings\/\" \/>\n<meta property=\"og:locale\" content=\"en_US\" \/>\n<meta property=\"og:type\" content=\"article\" \/>\n<meta property=\"og:title\" content=\"Puja Yoga. Formaci\u00f3n de Yoga Restaurativo para profesores de yoga y otros profesionales\" \/>\n<meta property=\"og:description\" content=\"La formaci\u00f3n en el M\u00e9todo Puja te sumerge en una variante del yoga que trabaja a nivel tanto f\u00edsico, como mental, emocional y energ\u00e9tico, y que a trav\u00e9s de estas formaciones te har\u00e1n vivir una experiencia realmente transformadora y beneficiosa para tu futuro profesional y personal\" \/>\n<meta property=\"og:url\" content=\"https:\/\/puja-yoga.com\/en\/subscription-form-courses-and-trainings\/\" \/>\n<meta property=\"og:site_name\" content=\"Puja Yoga\" \/>\n<meta property=\"article:publisher\" content=\"https:\/\/www.facebook.com\/pujasueyoga\" \/>\n<meta property=\"article:modified_time\" content=\"2023-10-17T20:40:32+00:00\" \/>\n<meta name=\"twitter:card\" content=\"summary_large_image\" \/>\n<meta name=\"twitter:site\" content=\"@Puja_Sue_Flamm\" \/>\n<meta name=\"twitter:label1\" content=\"Est. reading time\" \/>\n\t<meta name=\"twitter:data1\" content=\"2 minutes\" \/>\n<script type=\"application\/ld+json\" class=\"yoast-schema-graph\">{\"@context\":\"https:\\\/\\\/schema.org\",\"@graph\":[{\"@type\":\"WebPage\",\"@id\":\"https:\\\/\\\/puja-yoga.com\\\/en\\\/subscription-form-courses-and-trainings\\\/\",\"url\":\"https:\\\/\\\/puja-yoga.com\\\/en\\\/subscription-form-courses-and-trainings\\\/\",\"name\":\"Puja Yoga. Formaci\u00f3n de Yoga Restaurativo para profesores de yoga y otros profesionales\",\"isPartOf\":{\"@id\":\"https:\\\/\\\/puja-yoga.com\\\/en\\\/home\\\/#website\"},\"datePublished\":\"2022-01-01T13:08:55+00:00\",\"dateModified\":\"2023-10-17T20:40:32+00:00\",\"description\":\"La formaci\u00f3n en el M\u00e9todo Puja te sumerge en una variante del yoga que trabaja a nivel tanto f\u00edsico, como mental, emocional y energ\u00e9tico, y que a trav\u00e9s de estas formaciones te har\u00e1n vivir una experiencia realmente transformadora y beneficiosa para tu futuro profesional y personal\",\"breadcrumb\":{\"@id\":\"https:\\\/\\\/puja-yoga.com\\\/en\\\/subscription-form-courses-and-trainings\\\/#breadcrumb\"},\"inLanguage\":\"en-US\",\"potentialAction\":[{\"@type\":\"ReadAction\",\"target\":[\"https:\\\/\\\/puja-yoga.com\\\/en\\\/subscription-form-courses-and-trainings\\\/\"]}]},{\"@type\":\"BreadcrumbList\",\"@id\":\"https:\\\/\\\/puja-yoga.com\\\/en\\\/subscription-form-courses-and-trainings\\\/#breadcrumb\",\"itemListElement\":[{\"@type\":\"ListItem\",\"position\":1,\"name\":\"Home\",\"item\":\"https:\\\/\\\/puja-yoga.com\\\/en\\\/home\\\/\"},{\"@type\":\"ListItem\",\"position\":2,\"name\":\"SUBSCRIPTION FORM COURSES AND TRAININGS\"}]},{\"@type\":\"WebSite\",\"@id\":\"https:\\\/\\\/puja-yoga.com\\\/en\\\/home\\\/#website\",\"url\":\"https:\\\/\\\/puja-yoga.com\\\/en\\\/home\\\/\",\"name\":\"Puja Yoga\",\"description\":\"Formaci\u00f3n de yoga restaurativo para profesores\",\"publisher\":{\"@id\":\"https:\\\/\\\/puja-yoga.com\\\/en\\\/home\\\/#\\\/schema\\\/person\\\/03929c2397d58a75c4dd28d82844b5b7\"},\"potentialAction\":[{\"@type\":\"SearchAction\",\"target\":{\"@type\":\"EntryPoint\",\"urlTemplate\":\"https:\\\/\\\/puja-yoga.com\\\/en\\\/home\\\/?s={search_term_string}\"},\"query-input\":{\"@type\":\"PropertyValueSpecification\",\"valueRequired\":true,\"valueName\":\"search_term_string\"}}],\"inLanguage\":\"en-US\"},{\"@type\":[\"Person\",\"Organization\"],\"@id\":\"https:\\\/\\\/puja-yoga.com\\\/en\\\/home\\\/#\\\/schema\\\/person\\\/03929c2397d58a75c4dd28d82844b5b7\",\"name\":\"Puja Yoga\",\"image\":{\"@type\":\"ImageObject\",\"inLanguage\":\"en-US\",\"@id\":\"https:\\\/\\\/i0.wp.com\\\/puja-yoga.com\\\/wp-content\\\/uploads\\\/logo-puja-yoga-morado-png.png?fit=295%2C243&ssl=1\",\"url\":\"https:\\\/\\\/i0.wp.com\\\/puja-yoga.com\\\/wp-content\\\/uploads\\\/logo-puja-yoga-morado-png.png?fit=295%2C243&ssl=1\",\"contentUrl\":\"https:\\\/\\\/i0.wp.com\\\/puja-yoga.com\\\/wp-content\\\/uploads\\\/logo-puja-yoga-morado-png.png?fit=295%2C243&ssl=1\",\"width\":295,\"height\":243,\"caption\":\"Puja Yoga\"},\"logo\":{\"@id\":\"https:\\\/\\\/i0.wp.com\\\/puja-yoga.com\\\/wp-content\\\/uploads\\\/logo-puja-yoga-morado-png.png?fit=295%2C243&ssl=1\"},\"sameAs\":[\"https:\\\/\\\/www.facebook.com\\\/pujasueyoga\",\"https:\\\/\\\/www.instagram.com\\\/pujasue\\\/\",\"https:\\\/\\\/www.linkedin.com\\\/in\\\/sue-flamm-puja-06624723\\\/\"]}]}<\/script>\n<!-- \/ Yoast SEO plugin. -->","yoast_head_json":{"title":"Puja Yoga. Formaci\u00f3n de Yoga Restaurativo para profesores de yoga y otros profesionales","description":"La formaci\u00f3n en el M\u00e9todo Puja te sumerge en una variante del yoga que trabaja a nivel tanto f\u00edsico, como mental, emocional y energ\u00e9tico, y que a trav\u00e9s de estas formaciones te har\u00e1n vivir una experiencia realmente transformadora y beneficiosa para tu futuro profesional y personal","robots":{"index":"index","follow":"follow","max-snippet":"max-snippet:-1","max-image-preview":"max-image-preview:large","max-video-preview":"max-video-preview:-1"},"canonical":"https:\/\/puja-yoga.com\/en\/subscription-form-courses-and-trainings\/","og_locale":"en_US","og_type":"article","og_title":"Puja Yoga. Formaci\u00f3n de Yoga Restaurativo para profesores de yoga y otros profesionales","og_description":"La formaci\u00f3n en el M\u00e9todo Puja te sumerge en una variante del yoga que trabaja a nivel tanto f\u00edsico, como mental, emocional y energ\u00e9tico, y que a trav\u00e9s de estas formaciones te har\u00e1n vivir una experiencia realmente transformadora y beneficiosa para tu futuro profesional y personal","og_url":"https:\/\/puja-yoga.com\/en\/subscription-form-courses-and-trainings\/","og_site_name":"Puja Yoga","article_publisher":"https:\/\/www.facebook.com\/pujasueyoga","article_modified_time":"2023-10-17T20:40:32+00:00","twitter_card":"summary_large_image","twitter_site":"@Puja_Sue_Flamm","twitter_misc":{"Est. reading time":"2 minutes"},"schema":{"@context":"https:\/\/schema.org","@graph":[{"@type":"WebPage","@id":"https:\/\/puja-yoga.com\/en\/subscription-form-courses-and-trainings\/","url":"https:\/\/puja-yoga.com\/en\/subscription-form-courses-and-trainings\/","name":"Puja Yoga. Formaci\u00f3n de Yoga Restaurativo para profesores de yoga y otros profesionales","isPartOf":{"@id":"https:\/\/puja-yoga.com\/en\/home\/#website"},"datePublished":"2022-01-01T13:08:55+00:00","dateModified":"2023-10-17T20:40:32+00:00","description":"La formaci\u00f3n en el M\u00e9todo Puja te sumerge en una variante del yoga que trabaja a nivel tanto f\u00edsico, como mental, emocional y energ\u00e9tico, y que a trav\u00e9s de estas formaciones te har\u00e1n vivir una experiencia realmente transformadora y beneficiosa para tu futuro profesional y personal","breadcrumb":{"@id":"https:\/\/puja-yoga.com\/en\/subscription-form-courses-and-trainings\/#breadcrumb"},"inLanguage":"en-US","potentialAction":[{"@type":"ReadAction","target":["https:\/\/puja-yoga.com\/en\/subscription-form-courses-and-trainings\/"]}]},{"@type":"BreadcrumbList","@id":"https:\/\/puja-yoga.com\/en\/subscription-form-courses-and-trainings\/#breadcrumb","itemListElement":[{"@type":"ListItem","position":1,"name":"Home","item":"https:\/\/puja-yoga.com\/en\/home\/"},{"@type":"ListItem","position":2,"name":"SUBSCRIPTION FORM COURSES AND TRAININGS"}]},{"@type":"WebSite","@id":"https:\/\/puja-yoga.com\/en\/home\/#website","url":"https:\/\/puja-yoga.com\/en\/home\/","name":"Puja Yoga","description":"Formaci\u00f3n de yoga restaurativo para profesores","publisher":{"@id":"https:\/\/puja-yoga.com\/en\/home\/#\/schema\/person\/03929c2397d58a75c4dd28d82844b5b7"},"potentialAction":[{"@type":"SearchAction","target":{"@type":"EntryPoint","urlTemplate":"https:\/\/puja-yoga.com\/en\/home\/?s={search_term_string}"},"query-input":{"@type":"PropertyValueSpecification","valueRequired":true,"valueName":"search_term_string"}}],"inLanguage":"en-US"},{"@type":["Person","Organization"],"@id":"https:\/\/puja-yoga.com\/en\/home\/#\/schema\/person\/03929c2397d58a75c4dd28d82844b5b7","name":"Puja Yoga","image":{"@type":"ImageObject","inLanguage":"en-US","@id":"https:\/\/i0.wp.com\/puja-yoga.com\/wp-content\/uploads\/logo-puja-yoga-morado-png.png?fit=295%2C243&ssl=1","url":"https:\/\/i0.wp.com\/puja-yoga.com\/wp-content\/uploads\/logo-puja-yoga-morado-png.png?fit=295%2C243&ssl=1","contentUrl":"https:\/\/i0.wp.com\/puja-yoga.com\/wp-content\/uploads\/logo-puja-yoga-morado-png.png?fit=295%2C243&ssl=1","width":295,"height":243,"caption":"Puja Yoga"},"logo":{"@id":"https:\/\/i0.wp.com\/puja-yoga.com\/wp-content\/uploads\/logo-puja-yoga-morado-png.png?fit=295%2C243&ssl=1"},"sameAs":["https:\/\/www.facebook.com\/pujasueyoga","https:\/\/www.instagram.com\/pujasue\/","https:\/\/www.linkedin.com\/in\/sue-flamm-puja-06624723\/"]}]}},"jetpack_likes_enabled":true,"jetpack_sharing_enabled":true,"jetpack_shortlink":"https:\/\/wp.me\/Pcz7Yv-3nv","jetpack-related-posts":[],"_links":{"self":[{"href":"https:\/\/puja-yoga.com\/en\/wp-json\/wp\/v2\/pages\/12989","targetHints":{"allow":["GET"]}}],"collection":[{"href":"https:\/\/puja-yoga.com\/en\/wp-json\/wp\/v2\/pages"}],"about":[{"href":"https:\/\/puja-yoga.com\/en\/wp-json\/wp\/v2\/types\/page"}],"author":[{"embeddable":true,"href":"https:\/\/puja-yoga.com\/en\/wp-json\/wp\/v2\/users\/23702172"}],"replies":[{"embeddable":true,"href":"https:\/\/puja-yoga.com\/en\/wp-json\/wp\/v2\/comments?post=12989"}],"version-history":[{"count":29,"href":"https:\/\/puja-yoga.com\/en\/wp-json\/wp\/v2\/pages\/12989\/revisions"}],"predecessor-version":[{"id":15236,"href":"https:\/\/puja-yoga.com\/en\/wp-json\/wp\/v2\/pages\/12989\/revisions\/15236"}],"wp:attachment":[{"href":"https:\/\/puja-yoga.com\/en\/wp-json\/wp\/v2\/media?parent=12989"}],"curies":[{"name":"wp","href":"https:\/\/api.w.org\/{rel}","templated":true}]}}