{"id":13918,"date":"2022-02-26T19:13:16","date_gmt":"2022-02-26T18:13:16","guid":{"rendered":"https:\/\/puja-yoga.com\/cart-3\/"},"modified":"2022-02-27T23:20:36","modified_gmt":"2022-02-27T22:20:36","slug":"cart-3","status":"publish","type":"page","link":"https:\/\/puja-yoga.com\/en\/cart-3\/","title":{"rendered":"Cart"},"content":{"rendered":"\n","protected":false},"excerpt":{"rendered":"","protected":false},"author":23702172,"featured_media":0,"parent":0,"menu_order":0,"comment_status":"closed","ping_status":"closed","template":"","meta":{"jetpack_post_was_ever_published":false,"footnotes":""},"class_list":["post-13918","page","type-page","status-publish","hentry"],"yoast_head":"<!-- This site is optimized with the Yoast SEO plugin v27.2 - https:\/\/yoast.com\/product\/yoast-seo-wordpress\/ -->\n<title>Puja Yoga. Formaci\u00f3n de Yoga Restaurativo para profesores de yoga y otros profesionales<\/title>\n<meta name=\"description\" content=\"La formaci\u00f3n en el M\u00e9todo Puja te sumerge en una variante del yoga que trabaja a nivel tanto f\u00edsico, como mental, emocional y energ\u00e9tico, y que a trav\u00e9s de estas formaciones te har\u00e1n vivir una experiencia realmente transformadora y beneficiosa para tu futuro profesional y personal\" \/>\n<meta name=\"robots\" content=\"index, follow, max-snippet:-1, max-image-preview:large, max-video-preview:-1\" \/>\n<link rel=\"canonical\" href=\"https:\/\/puja-yoga.com\/en\/cart-3\/\" \/>\n<meta property=\"og:locale\" content=\"en_US\" \/>\n<meta property=\"og:type\" content=\"article\" \/>\n<meta property=\"og:title\" content=\"Puja Yoga. Formaci\u00f3n de Yoga Restaurativo para profesores de yoga y otros profesionales\" \/>\n<meta property=\"og:description\" content=\"La formaci\u00f3n en el M\u00e9todo Puja te sumerge en una variante del yoga que trabaja a nivel tanto f\u00edsico, como mental, emocional y energ\u00e9tico, y que a trav\u00e9s de estas formaciones te har\u00e1n vivir una experiencia realmente transformadora y beneficiosa para tu futuro profesional y personal\" \/>\n<meta property=\"og:url\" content=\"https:\/\/puja-yoga.com\/en\/cart-3\/\" \/>\n<meta property=\"og:site_name\" content=\"Puja Yoga\" \/>\n<meta property=\"article:publisher\" content=\"https:\/\/www.facebook.com\/pujasueyoga\" \/>\n<meta property=\"article:modified_time\" content=\"2022-02-27T22:20:36+00:00\" \/>\n<meta name=\"twitter:card\" content=\"summary_large_image\" \/>\n<meta name=\"twitter:site\" content=\"@Puja_Sue_Flamm\" \/>\n<script type=\"application\/ld+json\" class=\"yoast-schema-graph\">{\"@context\":\"https:\/\/schema.org\",\"@graph\":[{\"@type\":\"WebPage\",\"@id\":\"https:\/\/puja-yoga.com\/en\/cart-3\/\",\"url\":\"https:\/\/puja-yoga.com\/en\/cart-3\/\",\"name\":\"Puja Yoga. Formaci\u00f3n de Yoga Restaurativo para profesores de yoga y otros profesionales\",\"isPartOf\":{\"@id\":\"https:\/\/puja-yoga.com\/en\/home\/#website\"},\"datePublished\":\"2022-02-26T18:13:16+00:00\",\"dateModified\":\"2022-02-27T22:20:36+00:00\",\"description\":\"La formaci\u00f3n en el M\u00e9todo Puja te sumerge en una variante del yoga que trabaja a nivel tanto f\u00edsico, como mental, emocional y energ\u00e9tico, y que a trav\u00e9s de estas formaciones te har\u00e1n vivir una experiencia realmente transformadora y beneficiosa para tu futuro profesional y personal\",\"breadcrumb\":{\"@id\":\"https:\/\/puja-yoga.com\/en\/cart-3\/#breadcrumb\"},\"inLanguage\":\"en-US\",\"potentialAction\":[{\"@type\":\"ReadAction\",\"target\":[\"https:\/\/puja-yoga.com\/en\/cart-3\/\"]}]},{\"@type\":\"BreadcrumbList\",\"@id\":\"https:\/\/puja-yoga.com\/en\/cart-3\/#breadcrumb\",\"itemListElement\":[{\"@type\":\"ListItem\",\"position\":1,\"name\":\"Home\",\"item\":\"https:\/\/puja-yoga.com\/en\/home\/\"},{\"@type\":\"ListItem\",\"position\":2,\"name\":\"Cart\"}]},{\"@type\":\"WebSite\",\"@id\":\"https:\/\/puja-yoga.com\/en\/home\/#website\",\"url\":\"https:\/\/puja-yoga.com\/en\/home\/\",\"name\":\"Puja Yoga\",\"description\":\"Formaci\u00f3n de yoga restaurativo para profesores\",\"publisher\":{\"@id\":\"https:\/\/puja-yoga.com\/en\/home\/#\/schema\/person\/03929c2397d58a75c4dd28d82844b5b7\"},\"potentialAction\":[{\"@type\":\"SearchAction\",\"target\":{\"@type\":\"EntryPoint\",\"urlTemplate\":\"https:\/\/puja-yoga.com\/en\/home\/?s={search_term_string}\"},\"query-input\":{\"@type\":\"PropertyValueSpecification\",\"valueRequired\":true,\"valueName\":\"search_term_string\"}}],\"inLanguage\":\"en-US\"},{\"@type\":[\"Person\",\"Organization\"],\"@id\":\"https:\/\/puja-yoga.com\/en\/home\/#\/schema\/person\/03929c2397d58a75c4dd28d82844b5b7\",\"name\":\"Puja Yoga\",\"image\":{\"@type\":\"ImageObject\",\"inLanguage\":\"en-US\",\"@id\":\"https:\/\/i0.wp.com\/puja-yoga.com\/wp-content\/uploads\/logo-puja-yoga-morado-png.png?fit=295%2C243&ssl=1\",\"url\":\"https:\/\/i0.wp.com\/puja-yoga.com\/wp-content\/uploads\/logo-puja-yoga-morado-png.png?fit=295%2C243&ssl=1\",\"contentUrl\":\"https:\/\/i0.wp.com\/puja-yoga.com\/wp-content\/uploads\/logo-puja-yoga-morado-png.png?fit=295%2C243&ssl=1\",\"width\":295,\"height\":243,\"caption\":\"Puja Yoga\"},\"logo\":{\"@id\":\"https:\/\/i0.wp.com\/puja-yoga.com\/wp-content\/uploads\/logo-puja-yoga-morado-png.png?fit=295%2C243&ssl=1\"},\"sameAs\":[\"https:\/\/www.facebook.com\/pujasueyoga\",\"https:\/\/www.instagram.com\/pujasue\/\",\"https:\/\/www.linkedin.com\/in\/sue-flamm-puja-06624723\/\"]}]}<\/script>\n<!-- \/ Yoast SEO plugin. -->","yoast_head_json":{"title":"Puja Yoga. Formaci\u00f3n de Yoga Restaurativo para profesores de yoga y otros profesionales","description":"La formaci\u00f3n en el M\u00e9todo Puja te sumerge en una variante del yoga que trabaja a nivel tanto f\u00edsico, como mental, emocional y energ\u00e9tico, y que a trav\u00e9s de estas formaciones te har\u00e1n vivir una experiencia realmente transformadora y beneficiosa para tu futuro profesional y personal","robots":{"index":"index","follow":"follow","max-snippet":"max-snippet:-1","max-image-preview":"max-image-preview:large","max-video-preview":"max-video-preview:-1"},"canonical":"https:\/\/puja-yoga.com\/en\/cart-3\/","og_locale":"en_US","og_type":"article","og_title":"Puja Yoga. Formaci\u00f3n de Yoga Restaurativo para profesores de yoga y otros profesionales","og_description":"La formaci\u00f3n en el M\u00e9todo Puja te sumerge en una variante del yoga que trabaja a nivel tanto f\u00edsico, como mental, emocional y energ\u00e9tico, y que a trav\u00e9s de estas formaciones te har\u00e1n vivir una experiencia realmente transformadora y beneficiosa para tu futuro profesional y personal","og_url":"https:\/\/puja-yoga.com\/en\/cart-3\/","og_site_name":"Puja Yoga","article_publisher":"https:\/\/www.facebook.com\/pujasueyoga","article_modified_time":"2022-02-27T22:20:36+00:00","twitter_card":"summary_large_image","twitter_site":"@Puja_Sue_Flamm","schema":{"@context":"https:\/\/schema.org","@graph":[{"@type":"WebPage","@id":"https:\/\/puja-yoga.com\/en\/cart-3\/","url":"https:\/\/puja-yoga.com\/en\/cart-3\/","name":"Puja Yoga. Formaci\u00f3n de Yoga Restaurativo para profesores de yoga y otros profesionales","isPartOf":{"@id":"https:\/\/puja-yoga.com\/en\/home\/#website"},"datePublished":"2022-02-26T18:13:16+00:00","dateModified":"2022-02-27T22:20:36+00:00","description":"La formaci\u00f3n en el M\u00e9todo Puja te sumerge en una variante del yoga que trabaja a nivel tanto f\u00edsico, como mental, emocional y energ\u00e9tico, y que a trav\u00e9s de estas formaciones te har\u00e1n vivir una experiencia realmente transformadora y beneficiosa para tu futuro profesional y personal","breadcrumb":{"@id":"https:\/\/puja-yoga.com\/en\/cart-3\/#breadcrumb"},"inLanguage":"en-US","potentialAction":[{"@type":"ReadAction","target":["https:\/\/puja-yoga.com\/en\/cart-3\/"]}]},{"@type":"BreadcrumbList","@id":"https:\/\/puja-yoga.com\/en\/cart-3\/#breadcrumb","itemListElement":[{"@type":"ListItem","position":1,"name":"Home","item":"https:\/\/puja-yoga.com\/en\/home\/"},{"@type":"ListItem","position":2,"name":"Cart"}]},{"@type":"WebSite","@id":"https:\/\/puja-yoga.com\/en\/home\/#website","url":"https:\/\/puja-yoga.com\/en\/home\/","name":"Puja Yoga","description":"Formaci\u00f3n de yoga restaurativo para profesores","publisher":{"@id":"https:\/\/puja-yoga.com\/en\/home\/#\/schema\/person\/03929c2397d58a75c4dd28d82844b5b7"},"potentialAction":[{"@type":"SearchAction","target":{"@type":"EntryPoint","urlTemplate":"https:\/\/puja-yoga.com\/en\/home\/?s={search_term_string}"},"query-input":{"@type":"PropertyValueSpecification","valueRequired":true,"valueName":"search_term_string"}}],"inLanguage":"en-US"},{"@type":["Person","Organization"],"@id":"https:\/\/puja-yoga.com\/en\/home\/#\/schema\/person\/03929c2397d58a75c4dd28d82844b5b7","name":"Puja Yoga","image":{"@type":"ImageObject","inLanguage":"en-US","@id":"https:\/\/i0.wp.com\/puja-yoga.com\/wp-content\/uploads\/logo-puja-yoga-morado-png.png?fit=295%2C243&ssl=1","url":"https:\/\/i0.wp.com\/puja-yoga.com\/wp-content\/uploads\/logo-puja-yoga-morado-png.png?fit=295%2C243&ssl=1","contentUrl":"https:\/\/i0.wp.com\/puja-yoga.com\/wp-content\/uploads\/logo-puja-yoga-morado-png.png?fit=295%2C243&ssl=1","width":295,"height":243,"caption":"Puja Yoga"},"logo":{"@id":"https:\/\/i0.wp.com\/puja-yoga.com\/wp-content\/uploads\/logo-puja-yoga-morado-png.png?fit=295%2C243&ssl=1"},"sameAs":["https:\/\/www.facebook.com\/pujasueyoga","https:\/\/www.instagram.com\/pujasue\/","https:\/\/www.linkedin.com\/in\/sue-flamm-puja-06624723\/"]}]}},"jetpack_likes_enabled":true,"jetpack_sharing_enabled":true,"jetpack_shortlink":"https:\/\/wp.me\/Pcz7Yv-3Cu","jetpack-related-posts":[],"_links":{"self":[{"href":"https:\/\/puja-yoga.com\/en\/wp-json\/wp\/v2\/pages\/13918","targetHints":{"allow":["GET"]}}],"collection":[{"href":"https:\/\/puja-yoga.com\/en\/wp-json\/wp\/v2\/pages"}],"about":[{"href":"https:\/\/puja-yoga.com\/en\/wp-json\/wp\/v2\/types\/page"}],"author":[{"embeddable":true,"href":"https:\/\/puja-yoga.com\/en\/wp-json\/wp\/v2\/users\/23702172"}],"replies":[{"embeddable":true,"href":"https:\/\/puja-yoga.com\/en\/wp-json\/wp\/v2\/comments?post=13918"}],"version-history":[{"count":1,"href":"https:\/\/puja-yoga.com\/en\/wp-json\/wp\/v2\/pages\/13918\/revisions"}],"predecessor-version":[{"id":13932,"href":"https:\/\/puja-yoga.com\/en\/wp-json\/wp\/v2\/pages\/13918\/revisions\/13932"}],"wp:attachment":[{"href":"https:\/\/puja-yoga.com\/en\/wp-json\/wp\/v2\/media?parent=13918"}],"curies":[{"name":"wp","href":"https:\/\/api.w.org\/{rel}","templated":true}]}}